{"id":129,"date":"2023-11-20T20:54:58","date_gmt":"2023-11-20T20:54:58","guid":{"rendered":"https:\/\/chamcenter.developitech.com\/?page_id=129"},"modified":"2023-12-28T13:01:20","modified_gmt":"2023-12-28T13:01:20","slug":"laxhjalp","status":"publish","type":"page","link":"https:\/\/chamcenter.com\/ar\/laxhjalp\/","title":{"rendered":"\u0627\u0644\u0645\u0633\u0627\u0639\u062f\u0629 \u0627\u0644\u0645\u0646\u0632\u0644\u064a\u0629"},"content":{"rendered":"<div data-elementor-type=\"wp-page\" data-elementor-id=\"129\" class=\"elementor elementor-129\" data-elementor-post-type=\"page\">\n\t\t\t\t<div data-particle_enable=\"false\" data-particle-mobile-disabled=\"false\" class=\"elementor-element elementor-element-d6e9ebe e-flex e-con-boxed e-con e-parent\" data-id=\"d6e9ebe\" data-element_type=\"container\" data-e-type=\"container\" data-settings=\"{&quot;background_background&quot;:&quot;classic&quot;}\">\n\t\t\t\t\t<div class=\"e-con-inner\">\n\t\t\t\t<div class=\"elementor-element elementor-element-977f307 elementor-widget elementor-widget-heading\" data-id=\"977f307\" data-element_type=\"widget\" data-e-type=\"widget\" data-widget_type=\"heading.default\">\n\t\t\t\t<div class=\"elementor-widget-container\">\n\t\t\t\t\t<h2 class=\"elementor-heading-title elementor-size-default\">\u0627\u0644\u0645\u0633\u0627\u0639\u062f\u0629 \u0627\u0644\u0645\u0646\u0632\u0644\u064a\u0629\n<\/h2>\t\t\t\t<\/div>\n\t\t\t\t<\/div>\n\t\t\t\t\t<\/div>\n\t\t\t\t<\/div>\n\t\t<div data-particle_enable=\"false\" data-particle-mobile-disabled=\"false\" class=\"elementor-element elementor-element-a3c73df e-flex e-con-boxed e-con e-parent\" data-id=\"a3c73df\" data-element_type=\"container\" data-e-type=\"container\">\n\t\t\t\t\t<div class=\"e-con-inner\">\n\t\t\t\t<div class=\"elementor-element elementor-element-2556e95 elementor-widget elementor-widget-heading\" data-id=\"2556e95\" data-element_type=\"widget\" data-e-type=\"widget\" data-widget_type=\"heading.default\">\n\t\t\t\t<div class=\"elementor-widget-container\">\n\t\t\t\t\t<h2 class=\"elementor-heading-title elementor-size-default\">\u0645\u062c\u0645\u0648\u0639\u0629 \u0627\u0644\u062f\u0648\u0631\u0627\u062a\n<\/h2>\t\t\t\t<\/div>\n\t\t\t\t<\/div>\n\t\t\t\t<div class=\"elementor-element elementor-element-85d0e80 elementor-widget elementor-widget-text-editor\" data-id=\"85d0e80\" data-element_type=\"widget\" data-e-type=\"widget\" data-widget_type=\"text-editor.default\">\n\t\t\t\t<div class=\"elementor-widget-container\">\n\t\t\t\t\t\t\t\t\t\u0633\u062a\u062c\u062f \u0647\u0646\u0627 \u0645\u062c\u0645\u0648\u0639\u0629 \u0627\u0644\u0645\u0648\u0627\u0636\u064a\u0639 \u0627\u0644\u062a\u064a \u0646\u0642\u062f\u0645\u0647\u0627 \u0647\u0646\u0627 \u0641\u064a \u0645\u0631\u0643\u0632 \u0623\u0648\u063a\u0627\u0631\u064a\u062a \u0644\u0644\u0645\u0633\u0627\u0639\u062f\u0629 \u0641\u064a \u0623\u062f\u0627\u0621 \u0648\u0627\u062c\u0628\u0627\u062a\u0647\u0627 \u0627\u0644\u0645\u062f\u0631\u0633\u064a\u0629. \u064a\u0645\u0643\u0646\u0646\u0627 \u0627\u0644\u0645\u0633\u0627\u0639\u062f\u0629 \u0641\u064a \u0645\u0648\u0627\u0636\u064a\u0639 \u0645\u062e\u062a\u0644\u0641\u0629 \u0645\u062b\u0644 \u0627\u0644\u0631\u064a\u0627\u0636\u064a\u0627\u062a \u0648\u0627\u0644\u0633\u0648\u064a\u062f\u064a\u0629 \u0648\u0627\u0644\u0639\u0631\u0628\u064a\u0629 \u0648\u0627\u0644\u0625\u0646\u062c\u0644\u064a\u0632\u064a\u0629 \u0648\u0627\u0644\u0643\u064a\u0645\u064a\u0627\u0621 \u0648\u0627\u0644\u0641\u064a\u0632\u064a\u0627\u0621 \u0648\u0627\u0644\u0645\u0632\u064a\u062f!\t\t\t\t\t\t\t\t<\/div>\n\t\t\t\t<\/div>\n\t\t\t\t\t<\/div>\n\t\t\t\t<\/div>\n\t\t<div data-particle_enable=\"false\" data-particle-mobile-disabled=\"false\" class=\"elementor-element elementor-element-09b16ce e-flex e-con-boxed e-con e-parent\" data-id=\"09b16ce\" data-element_type=\"container\" data-e-type=\"container\">\n\t\t\t\t\t<div class=\"e-con-inner\">\n\t\t<div data-particle_enable=\"false\" data-particle-mobile-disabled=\"false\" class=\"elementor-element elementor-element-5024c03 e-flex e-con-boxed e-con e-child\" data-id=\"5024c03\" data-element_type=\"container\" data-e-type=\"container\">\n\t\t\t\t\t<div class=\"e-con-inner\">\n\t\t<div data-particle_enable=\"false\" data-particle-mobile-disabled=\"false\" class=\"elementor-element elementor-element-5e303dd e-con-full e-flex e-con e-child\" data-id=\"5e303dd\" data-element_type=\"container\" data-e-type=\"container\">\n\t\t\t\t<div class=\"elementor-element elementor-element-1a5c482 elementor-view-stacked elementor-shape-square elementor-position-block-start elementor-mobile-position-block-start elementor-widget elementor-widget-icon-box\" data-id=\"1a5c482\" data-element_type=\"widget\" data-e-type=\"widget\" data-widget_type=\"icon-box.default\">\n\t\t\t\t<div class=\"elementor-widget-container\">\n\t\t\t\t\t\t\t<div class=\"elementor-icon-box-wrapper\">\n\n\t\t\t\t\t\t<div class=\"elementor-icon-box-icon\">\n\t\t\t\t<a href=\"https:\/\/chamcenter.com\/ar\/priser\/paketpris\/\" class=\"elementor-icon\" tabindex=\"-1\" aria-label=\"\u0627\u0644\u0631\u064a\u0627\u0636\u064a\u0627\u062a\">\n\t\t\t\t<svg aria-hidden=\"true\" class=\"e-font-icon-svg e-fas-remove-format\" viewbox=\"0 0 640 512\" xmlns=\"http:\/\/www.w3.org\/2000\/svg\"><path d=\"M336 416h-11.17l9.26-27.77L267 336.4 240.49 416H208a16 16 0 0 0-16 16v32a16 16 0 0 0 16 16h128a16 16 0 0 0 16-16v-32a16 16 0 0 0-16-16zm297.82 42.1L377 259.59 426.17 112H544v32a16 16 0 0 0 16 16h32a16 16 0 0 0 16-16V48a16 16 0 0 0-16-16H176a16 16 0 0 0-16 16v43.9L45.46 3.38A16 16 0 0 0 23 6.19L3.37 31.46a16 16 0 0 0 2.81 22.45l588.36 454.72a16 16 0 0 0 22.46-2.81l19.64-25.27a16 16 0 0 0-2.82-22.45zM309.91 207.76L224 141.36V112h117.83z\"><\/path><\/svg>\t\t\t\t<\/a>\n\t\t\t<\/div>\n\t\t\t\n\t\t\t\t\t\t<div class=\"elementor-icon-box-content\">\n\n\t\t\t\t\t\t\t\t\t<h3 class=\"elementor-icon-box-title\">\n\t\t\t\t\t\t<a href=\"https:\/\/chamcenter.com\/ar\/priser\/paketpris\/\" >\n\t\t\t\t\t\t\t\u0627\u0644\u0631\u064a\u0627\u0636\u064a\u0627\u062a\t\t\t\t\t\t<\/a>\n\t\t\t\t\t<\/h3>\n\t\t\t\t\n\t\t\t\t\n\t\t\t<\/div>\n\t\t\t\n\t\t<\/div>\n\t\t\t\t\t\t<\/div>\n\t\t\t\t<\/div>\n\t\t\t\t<\/div>\n\t\t<div data-particle_enable=\"false\" data-particle-mobile-disabled=\"false\" class=\"elementor-element elementor-element-e55beb4 e-con-full e-flex e-con e-child\" data-id=\"e55beb4\" data-element_type=\"container\" data-e-type=\"container\">\n\t\t\t\t<div class=\"elementor-element elementor-element-00ce1bf elementor-view-stacked elementor-shape-square elementor-position-block-start elementor-mobile-position-block-start elementor-widget elementor-widget-icon-box\" data-id=\"00ce1bf\" data-element_type=\"widget\" data-e-type=\"widget\" data-widget_type=\"icon-box.default\">\n\t\t\t\t<div class=\"elementor-widget-container\">\n\t\t\t\t\t\t\t<div class=\"elementor-icon-box-wrapper\">\n\n\t\t\t\t\t\t<div class=\"elementor-icon-box-icon\">\n\t\t\t\t<a href=\"https:\/\/chamcenter.com\/ar\/priser\/paketpris\/\" class=\"elementor-icon\" tabindex=\"-1\" aria-label=\"\u0627\u0644\u0644\u063a\u0627\u062a\">\n\t\t\t\t<svg aria-hidden=\"true\" class=\"e-font-icon-svg e-fas-language\" viewbox=\"0 0 640 512\" xmlns=\"http:\/\/www.w3.org\/2000\/svg\"><path d=\"M152.1 236.2c-3.5-12.1-7.8-33.2-7.8-33.2h-.5s-4.3 21.1-7.8 33.2l-11.1 37.5H163zM616 96H336v320h280c13.3 0 24-10.7 24-24V120c0-13.3-10.7-24-24-24zm-24 120c0 6.6-5.4 12-12 12h-11.4c-6.9 23.6-21.7 47.4-42.7 69.9 8.4 6.4 17.1 12.5 26.1 18 5.5 3.4 7.3 10.5 4.1 16.2l-7.9 13.9c-3.4 5.9-10.9 7.8-16.7 4.3-12.6-7.8-24.5-16.1-35.4-24.9-10.9 8.7-22.7 17.1-35.4 24.9-5.8 3.5-13.3 1.6-16.7-4.3l-7.9-13.9c-3.2-5.6-1.4-12.8 4.2-16.2 9.3-5.7 18-11.7 26.1-18-7.9-8.4-14.9-17-21-25.7-4-5.7-2.2-13.6 3.7-17.1l6.5-3.9 7.3-4.3c5.4-3.2 12.4-1.7 16 3.4 5 7 10.8 14 17.4 20.9 13.5-14.2 23.8-28.9 30-43.2H412c-6.6 0-12-5.4-12-12v-16c0-6.6 5.4-12 12-12h64v-16c0-6.6 5.4-12 12-12h16c6.6 0 12 5.4 12 12v16h64c6.6 0 12 5.4 12 12zM0 120v272c0 13.3 10.7 24 24 24h280V96H24c-13.3 0-24 10.7-24 24zm58.9 216.1L116.4 167c1.7-4.9 6.2-8.1 11.4-8.1h32.5c5.1 0 9.7 3.3 11.4 8.1l57.5 169.1c2.6 7.8-3.1 15.9-11.4 15.9h-22.9a12 12 0 0 1-11.5-8.6l-9.4-31.9h-60.2l-9.1 31.8c-1.5 5.1-6.2 8.7-11.5 8.7H70.3c-8.2 0-14-8.1-11.4-15.9z\"><\/path><\/svg>\t\t\t\t<\/a>\n\t\t\t<\/div>\n\t\t\t\n\t\t\t\t\t\t<div class=\"elementor-icon-box-content\">\n\n\t\t\t\t\t\t\t\t\t<h3 class=\"elementor-icon-box-title\">\n\t\t\t\t\t\t<a href=\"https:\/\/chamcenter.com\/ar\/priser\/paketpris\/\" >\n\t\t\t\t\t\t\t\u0627\u0644\u0644\u063a\u0627\u062a\t\t\t\t\t\t<\/a>\n\t\t\t\t\t<\/h3>\n\t\t\t\t\n\t\t\t\t\n\t\t\t<\/div>\n\t\t\t\n\t\t<\/div>\n\t\t\t\t\t\t<\/div>\n\t\t\t\t<\/div>\n\t\t\t\t<\/div>\n\t\t\t\t\t<\/div>\n\t\t\t\t<\/div>\n\t\t\t\t\t<\/div>\n\t\t\t\t<\/div>\n\t\t<div data-particle_enable=\"false\" data-particle-mobile-disabled=\"false\" class=\"elementor-element elementor-element-b2fc000 e-flex e-con-boxed e-con e-parent\" data-id=\"b2fc000\" data-element_type=\"container\" data-e-type=\"container\">\n\t\t\t\t\t<div class=\"e-con-inner\">\n\t\t<div data-particle_enable=\"false\" data-particle-mobile-disabled=\"false\" class=\"elementor-element elementor-element-d11780e e-flex e-con-boxed e-con e-child\" data-id=\"d11780e\" data-element_type=\"container\" data-e-type=\"container\">\n\t\t\t\t\t<div class=\"e-con-inner\">\n\t\t<div data-particle_enable=\"false\" data-particle-mobile-disabled=\"false\" class=\"elementor-element elementor-element-970064e e-con-full e-flex e-con e-child\" data-id=\"970064e\" data-element_type=\"container\" data-e-type=\"container\">\n\t\t\t\t<div class=\"elementor-element elementor-element-e5a3714 elementor-view-stacked elementor-shape-square elementor-position-block-start elementor-mobile-position-block-start elementor-widget elementor-widget-icon-box\" data-id=\"e5a3714\" data-element_type=\"widget\" data-e-type=\"widget\" data-widget_type=\"icon-box.default\">\n\t\t\t\t<div class=\"elementor-widget-container\">\n\t\t\t\t\t\t\t<div class=\"elementor-icon-box-wrapper\">\n\n\t\t\t\t\t\t<div class=\"elementor-icon-box-icon\">\n\t\t\t\t<a href=\"https:\/\/chamcenter.com\/ar\/priser\/paketpris\/\" class=\"elementor-icon\" tabindex=\"-1\" aria-label=\"\u0627\u0644\u0641\u064a\u0632\u064a\u0627\u0621\">\n\t\t\t\t<svg aria-hidden=\"true\" class=\"e-font-icon-svg e-far-paper-plane\" viewbox=\"0 0 512 512\" xmlns=\"http:\/\/www.w3.org\/2000\/svg\"><path d=\"M440 6.5L24 246.4c-34.4 19.9-31.1 70.8 5.7 85.9L144 379.6V464c0 46.4 59.2 65.5 86.6 28.6l43.8-59.1 111.9 46.2c5.9 2.4 12.1 3.6 18.3 3.6 8.2 0 16.3-2.1 23.6-6.2 12.8-7.2 21.6-20 23.9-34.5l59.4-387.2c6.1-40.1-36.9-68.8-71.5-48.9zM192 464v-64.6l36.6 15.1L192 464zm212.6-28.7l-153.8-63.5L391 169.5c10.7-15.5-9.5-33.5-23.7-21.2L155.8 332.6 48 288 464 48l-59.4 387.3z\"><\/path><\/svg>\t\t\t\t<\/a>\n\t\t\t<\/div>\n\t\t\t\n\t\t\t\t\t\t<div class=\"elementor-icon-box-content\">\n\n\t\t\t\t\t\t\t\t\t<h3 class=\"elementor-icon-box-title\">\n\t\t\t\t\t\t<a href=\"https:\/\/chamcenter.com\/ar\/priser\/paketpris\/\" >\n\t\t\t\t\t\t\t\u0627\u0644\u0641\u064a\u0632\u064a\u0627\u0621\t\t\t\t\t\t<\/a>\n\t\t\t\t\t<\/h3>\n\t\t\t\t\n\t\t\t\t\n\t\t\t<\/div>\n\t\t\t\n\t\t<\/div>\n\t\t\t\t\t\t<\/div>\n\t\t\t\t<\/div>\n\t\t\t\t<\/div>\n\t\t<div data-particle_enable=\"false\" data-particle-mobile-disabled=\"false\" class=\"elementor-element elementor-element-bda3159 e-con-full e-flex e-con e-child\" data-id=\"bda3159\" data-element_type=\"container\" data-e-type=\"container\">\n\t\t\t\t<div class=\"elementor-element elementor-element-27a198f elementor-view-stacked elementor-shape-square elementor-position-block-start elementor-mobile-position-block-start elementor-widget elementor-widget-icon-box\" data-id=\"27a198f\" data-element_type=\"widget\" data-e-type=\"widget\" data-widget_type=\"icon-box.default\">\n\t\t\t\t<div class=\"elementor-widget-container\">\n\t\t\t\t\t\t\t<div class=\"elementor-icon-box-wrapper\">\n\n\t\t\t\t\t\t<div class=\"elementor-icon-box-icon\">\n\t\t\t\t<a href=\"https:\/\/chamcenter.com\/ar\/priser\/paketpris\/\" class=\"elementor-icon\" tabindex=\"-1\" aria-label=\"\u0627\u0644\u0643\u064a\u0645\u064a\u0627\u0621\">\n\t\t\t\t<svg aria-hidden=\"true\" class=\"e-font-icon-svg e-fas-water\" viewbox=\"0 0 576 512\" xmlns=\"http:\/\/www.w3.org\/2000\/svg\"><path d=\"M562.1 383.9c-21.5-2.4-42.1-10.5-57.9-22.9-14.1-11.1-34.2-11.3-48.2 0-37.9 30.4-107.2 30.4-145.7-1.5-13.5-11.2-33-9.1-46.7 1.8-38 30.1-106.9 30-145.2-1.7-13.5-11.2-33.3-8.9-47.1 2-15.5 12.2-36 20.1-57.7 22.4-7.9.8-13.6 7.8-13.6 15.7v32.2c0 9.1 7.6 16.8 16.7 16 28.8-2.5 56.1-11.4 79.4-25.9 56.5 34.6 137 34.1 192 0 56.5 34.6 137 34.1 192 0 23.3 14.2 50.9 23.3 79.1 25.8 9.1.8 16.7-6.9 16.7-16v-31.6c.1-8-5.7-15.4-13.8-16.3zm0-144c-21.5-2.4-42.1-10.5-57.9-22.9-14.1-11.1-34.2-11.3-48.2 0-37.9 30.4-107.2 30.4-145.7-1.5-13.5-11.2-33-9.1-46.7 1.8-38 30.1-106.9 30-145.2-1.7-13.5-11.2-33.3-8.9-47.1 2-15.5 12.2-36 20.1-57.7 22.4-7.9.8-13.6 7.8-13.6 15.7v32.2c0 9.1 7.6 16.8 16.7 16 28.8-2.5 56.1-11.4 79.4-25.9 56.5 34.6 137 34.1 192 0 56.5 34.6 137 34.1 192 0 23.3 14.2 50.9 23.3 79.1 25.8 9.1.8 16.7-6.9 16.7-16v-31.6c.1-8-5.7-15.4-13.8-16.3zm0-144C540.6 93.4 520 85.4 504.2 73 490.1 61.9 470 61.7 456 73c-37.9 30.4-107.2 30.4-145.7-1.5-13.5-11.2-33-9.1-46.7 1.8-38 30.1-106.9 30-145.2-1.7-13.5-11.2-33.3-8.9-47.1 2-15.5 12.2-36 20.1-57.7 22.4-7.9.8-13.6 7.8-13.6 15.7v32.2c0 9.1 7.6 16.8 16.7 16 28.8-2.5 56.1-11.4 79.4-25.9 56.5 34.6 137 34.1 192 0 56.5 34.6 137 34.1 192 0 23.3 14.2 50.9 23.3 79.1 25.8 9.1.8 16.7-6.9 16.7-16v-31.6c.1-8-5.7-15.4-13.8-16.3z\"><\/path><\/svg>\t\t\t\t<\/a>\n\t\t\t<\/div>\n\t\t\t\n\t\t\t\t\t\t<div class=\"elementor-icon-box-content\">\n\n\t\t\t\t\t\t\t\t\t<h3 class=\"elementor-icon-box-title\">\n\t\t\t\t\t\t<a href=\"https:\/\/chamcenter.com\/ar\/priser\/paketpris\/\" >\n\t\t\t\t\t\t\t\u0627\u0644\u0643\u064a\u0645\u064a\u0627\u0621\t\t\t\t\t\t<\/a>\n\t\t\t\t\t<\/h3>\n\t\t\t\t\n\t\t\t\t\n\t\t\t<\/div>\n\t\t\t\n\t\t<\/div>\n\t\t\t\t\t\t<\/div>\n\t\t\t\t<\/div>\n\t\t\t\t<\/div>\n\t\t\t\t\t<\/div>\n\t\t\t\t<\/div>\n\t\t\t\t\t<\/div>\n\t\t\t\t<\/div>\n\t\t<div data-particle_enable=\"false\" data-particle-mobile-disabled=\"false\" class=\"elementor-element elementor-element-caccda8 e-flex e-con-boxed e-con e-parent\" data-id=\"caccda8\" data-element_type=\"container\" data-e-type=\"container\">\n\t\t\t\t\t<div class=\"e-con-inner\">\n\t\t\t\t<div class=\"elementor-element elementor-element-25e1705 elementor-widget elementor-widget-heading\" data-id=\"25e1705\" data-element_type=\"widget\" data-e-type=\"widget\" data-widget_type=\"heading.default\">\n\t\t\t\t<div class=\"elementor-widget-container\">\n\t\t\t\t\t<h2 class=\"elementor-heading-title elementor-size-default\">\u0647\u0644 \u062a\u0631\u064a\u062f \u062a\u062d\u0642\u064a\u0642 \u0646\u062a\u0627\u0626\u062c \u062f\u0631\u0627\u0633\u0629 \u0623\u0641\u0636\u0644\u061f\n<\/h2>\t\t\t\t<\/div>\n\t\t\t\t<\/div>\n\t\t\t\t<div class=\"elementor-element elementor-element-e0becc1 elementor-widget elementor-widget-text-editor\" data-id=\"e0becc1\" data-element_type=\"widget\" data-e-type=\"widget\" data-widget_type=\"text-editor.default\">\n\t\t\t\t<div class=\"elementor-widget-container\">\n\t\t\t\t\t\t\t\t\t\u0627\u062d\u0635\u0644 \u0639\u0644\u0649 \u062f\u0631\u0648\u0633 \u062e\u0635\u0648\u0635\u064a\u0629 \u0645\u0646 \u0627\u0644\u0645\u0646\u0632\u0644 \u0625\u0645\u0627 \u0628\u0627\u0644\u0633\u0627\u0639\u0629 \u0623\u0648 \u0643\u062d\u0632\u0645\u0629 \u062f\u0631\u0627\u0633\u064a\u0629 \u062d\u064a\u062b \u062a\u062f\u0631\u0633 \u0645\u0639 \u0627\u0644\u0637\u0644\u0627\u0628 \u0641\u064a \u0646\u0641\u0633 \u0627\u0644\u0645\u0633\u062a\u0648\u0649 \u0627\u0644\u0630\u064a \u062c\u0639\u0644 \u0643\u0644 \u0647\u0630\u0627 \u0633\u0647\u0644\u0627\u064b \u0648\u0645\u0631\u0646\u064b\u0627 \u0648\u062a\u0639\u0644\u064a\u0645\u064a\u064b\u0627. \u0647\u0646\u0627 \u0641\u064a \u0623\u0648\u063a\u0627\u0631\u064a\u062a \u0646\u0631\u064a\u062f \u0623\u0646 \u064a\u0635\u0644 \u062c\u0645\u064a\u0639 \u0637\u0644\u0627\u0628\u0646\u0627 \u0625\u0644\u0649 \u0625\u0645\u0643\u0627\u0646\u0627\u062a\u0647\u0645 \u0627\u0644\u0643\u0627\u0645\u0644\u0629 \u0648\u064a\u0643\u0645\u0644\u0648\u0627 \u0642\u062f\u0631\u0627\u062a\u0647\u0645 \u0627\u0644\u062f\u0631\u0627\u0633\u0629 \u0645\u0639\u0646\u0627 \u064a\u0645\u0643\u0646\u0643 \u0627\u0644\u062d\u0635\u0648\u0644 \u0639\u0644\u0649 \u0627\u0644\u0645\u0633\u0627\u0639\u062f\u0629 \u0628\u063a\u0636 \u0627\u0644\u0646\u0638\u0631 \u0639\u0645\u0627 \u0625\u0630\u0627 \u0643\u0646\u062a \u062a\u0639\u064a\u0634 \u0641\u064a \u0627\u0644\u0633\u0648\u064a\u062f \u0623\u0648 \u0641\u064a \u0623\u064a \u0645\u0643\u0627\u0646 \u0622\u062e\u0631 \u060c \u0641\u0646\u062d\u0646 \u0646\u0639\u0644\u0645\u0643 \u0623\u064a\u0636\u064b\u0627 \u0645\u0646 \u0645\u0646\u0632\u0644\u0643 \u0628\u0627\u0644\u062a\u0639\u0644\u0645 \u0639\u0646 \u0628\u0639\u062f \u0648\u064a\u0645\u0643\u0646\u0646\u0627 \u062a\u0642\u062f\u064a\u0645 \u0627\u0644\u062f\u0639\u0645 \u0641\u064a \u0627\u0644\u0639\u062f\u064a\u062f \u0645\u0646 \u0627\u0644\u0645\u0648\u0627\u062f \u0645\u062b\u0644 \u0627\u0644\u0633\u0648\u064a\u062f\u064a\u0629 \u0648\u0627\u0644\u0631\u064a\u0627\u0636\u064a\u0627\u062a \u0648\u0627\u0644\u0641\u064a\u0632\u064a\u0627\u0621 \u0648\u0627\u0644\u0625\u0646\u062c\u0644\u064a\u0632\u064a\u0629 \u0648\u0644\u063a\u0627\u062a \u0645\u062b\u0644 \u0627\u0644\u0639\u0631\u0628\u064a\u0629 .\n\t\t\t\t\t\t\t\t<\/div>\n\t\t\t\t<\/div>\n\t\t\t\t\t<\/div>\n\t\t\t\t<\/div>\n\t\t<div data-particle_enable=\"false\" data-particle-mobile-disabled=\"false\" class=\"elementor-element elementor-element-c0e9d1c e-con-full e-flex e-con e-parent\" data-id=\"c0e9d1c\" data-element_type=\"container\" data-e-type=\"container\">\n\t\t\t\t<div class=\"elementor-element elementor-element-9126474 elementor-widget elementor-widget-template\" data-id=\"9126474\" data-element_type=\"widget\" data-e-type=\"widget\" data-widget_type=\"template.default\">\n\t\t\t\t<div class=\"elementor-widget-container\">\n\t\t\t\t\t\t\t<div class=\"elementor-template\">\n\t\t\t\t\t<div data-elementor-type=\"section\" data-elementor-id=\"224\" class=\"elementor elementor-224\" data-elementor-post-type=\"elementor_library\">\n\t\t\t\t\t<div class=\"elementor-section-wrap\">\n\t\t\t\t\t\t<div data-particle_enable=\"false\" data-particle-mobile-disabled=\"false\" class=\"elementor-element elementor-element-c43e8e4 e-flex e-con-boxed e-con e-parent\" data-id=\"c43e8e4\" data-element_type=\"container\" data-e-type=\"container\" data-settings=\"{&quot;background_background&quot;:&quot;classic&quot;}\">\n\t\t\t\t\t<div class=\"e-con-inner\">\n\t\t\t\t<div class=\"elementor-element elementor-element-0efa33d elementor-widget elementor-widget-heading\" data-id=\"0efa33d\" data-element_type=\"widget\" data-e-type=\"widget\" data-widget_type=\"heading.default\">\n\t\t\t\t<div class=\"elementor-widget-container\">\n\t\t\t\t\t<h2 class=\"elementor-heading-title elementor-size-default\">\u0647\u0644 \u0623\u0646\u062a \u0645\u0633\u062a\u0639\u062f \u0644\u0644\u0627\u0646\u0636\u0645\u0627\u0645 \u0625\u0644\u064a\u0646\u0627 \u061f\n<\/h2>\t\t\t\t<\/div>\n\t\t\t\t<\/div>\n\t\t\t\t<div class=\"elementor-element elementor-element-d6b88a3 elementor-widget elementor-widget-text-editor\" data-id=\"d6b88a3\" data-element_type=\"widget\" data-e-type=\"widget\" data-widget_type=\"text-editor.default\">\n\t\t\t\t<div class=\"elementor-widget-container\">\n\t\t\t\t\t\t\t\t\t\u0625\u0630\u0627 \u0643\u0646\u062a \u0645\u0633\u062a\u0639\u062f\u064b\u0627 \u0644\u0628\u062f\u0621 \u0627\u0644\u062a\u062f\u0631\u064a\u0633 \u0645\u0639\u0646\u0627 \u060c \u064a\u0645\u0643\u0646\u0643 \u062a\u062c\u0631\u0628\u0629 \u062f\u0631\u0633 \u0648\u0627\u062d\u062f \u0645\u062c\u0627\u0646\u064b\u0627 \u0645\u0644\u0621 \u0646\u0645\u0648\u0630\u062c \u0627\u0644\u0641\u0627\u0626\u062f\u0629 \u0648\u0633\u0646\u0639\u0627\u0648\u062f \u0627\u0644\u0627\u062a\u0635\u0627\u0644 \u0628\u0643.\n\t\t\t\t\t\t\t\t<\/div>\n\t\t\t\t<\/div>\n\t\t<div data-particle_enable=\"false\" data-particle-mobile-disabled=\"false\" class=\"elementor-element elementor-element-7403b75 e-flex e-con-boxed e-con e-child\" data-id=\"7403b75\" data-element_type=\"container\" data-e-type=\"container\">\n\t\t\t\t\t<div class=\"e-con-inner\">\n\t\t\t\t<div class=\"elementor-element elementor-element-8670c2e elementor-widget elementor-widget-button\" data-id=\"8670c2e\" data-element_type=\"widget\" data-e-type=\"widget\" data-widget_type=\"button.default\">\n\t\t\t\t<div class=\"elementor-widget-container\">\n\t\t\t\t\t\t\t\t\t<div class=\"elementor-button-wrapper\">\n\t\t\t\t\t<a class=\"elementor-button elementor-button-link elementor-size-sm\" href=\"https:\/\/chamcenter.com\/ar\/kontakta-oss\/\">\n\t\t\t\t\t\t<span class=\"elementor-button-content-wrapper\">\n\t\t\t\t\t\t\t\t\t<span class=\"elementor-button-text\">\u0627\u0644\u062a\u0639\u0628\u064a\u0631 \u0639\u0646 \u0627\u0644\u0627\u0647\u062a\u0645\u0627\u0645 <\/span>\n\t\t\t\t\t<\/span>\n\t\t\t\t\t<\/a>\n\t\t\t\t<\/div>\n\t\t\t\t\t\t\t\t<\/div>\n\t\t\t\t<\/div>\n\t\t\t\t<div class=\"elementor-element elementor-element-ec28259 elementor-widget elementor-widget-button\" data-id=\"ec28259\" data-element_type=\"widget\" data-e-type=\"widget\" data-widget_type=\"button.default\">\n\t\t\t\t<div class=\"elementor-widget-container\">\n\t\t\t\t\t\t\t\t\t<div class=\"elementor-button-wrapper\">\n\t\t\t\t\t<a class=\"elementor-button elementor-button-link elementor-size-sm\" href=\"https:\/\/chamcenter.com\/ar\/laxhjalp\/\">\n\t\t\t\t\t\t<span class=\"elementor-button-content-wrapper\">\n\t\t\t\t\t\t\t\t\t<span class=\"elementor-button-text\">\u0645\u062c\u0645\u0648\u0639\u0629 \u0627\u0644\u062f\u0648\u0631\u0627\u062a<\/span>\n\t\t\t\t\t<\/span>\n\t\t\t\t\t<\/a>\n\t\t\t\t<\/div>\n\t\t\t\t\t\t\t\t<\/div>\n\t\t\t\t<\/div>\n\t\t\t\t\t<\/div>\n\t\t\t\t<\/div>\n\t\t\t\t\t<\/div>\n\t\t\t\t<\/div>\n\t\t\t\t\t\t\t<\/div>\n\t\t\t\t<\/div>\n\t\t\t\t<\/div>\n\t\t\t\t\t\t<\/div>\n\t\t\t\t<\/div>\n\t\t\t\t<\/div>\n\t\t\t\t<\/div>","protected":false},"excerpt":{"rendered":"<p>L\u00e4xhj\u00e4lp V\u00e5rt utbud H\u00e4r finner du v\u00e5rt utbud av \u00e4mnen som vi erbjuder l\u00e4xhj\u00e4lp f\u00f6r h\u00e4r p\u00e5 Cham Center Kulturcenter. Vi kan hj\u00e4lpa med bland annat matematik,svenska, arabiska, engelska, kemi, fysik och mer! Matematik Spr\u00e5k Fysik Kemi Vill du f\u00e5 b\u00e4ttre studieresultat? F\u00e5 privat l\u00e4xhj\u00e4lp online men \u00e4ven kurspaket d\u00e4r du studerar med elever i [&hellip;]<\/p>\n","protected":false},"author":1,"featured_media":0,"parent":0,"menu_order":0,"comment_status":"closed","ping_status":"closed","template":"elementor_header_footer","meta":{"footnotes":""},"class_list":["post-129","page","type-page","status-publish","hentry"],"blocksy_meta":[],"_links":{"self":[{"href":"https:\/\/chamcenter.com\/ar\/wp-json\/wp\/v2\/pages\/129","targetHints":{"allow":["GET"]}}],"collection":[{"href":"https:\/\/chamcenter.com\/ar\/wp-json\/wp\/v2\/pages"}],"about":[{"href":"https:\/\/chamcenter.com\/ar\/wp-json\/wp\/v2\/types\/page"}],"author":[{"embeddable":true,"href":"https:\/\/chamcenter.com\/ar\/wp-json\/wp\/v2\/users\/1"}],"replies":[{"embeddable":true,"href":"https:\/\/chamcenter.com\/ar\/wp-json\/wp\/v2\/comments?post=129"}],"version-history":[{"count":37,"href":"https:\/\/chamcenter.com\/ar\/wp-json\/wp\/v2\/pages\/129\/revisions"}],"predecessor-version":[{"id":526,"href":"https:\/\/chamcenter.com\/ar\/wp-json\/wp\/v2\/pages\/129\/revisions\/526"}],"wp:attachment":[{"href":"https:\/\/chamcenter.com\/ar\/wp-json\/wp\/v2\/media?parent=129"}],"curies":[{"name":"wp","href":"https:\/\/api.w.org\/{rel}","templated":true}]}}