{"id":135,"date":"2023-11-20T20:55:27","date_gmt":"2023-11-20T20:55:27","guid":{"rendered":"https:\/\/chamcenter.developitech.com\/?page_id=135"},"modified":"2023-12-28T13:02:45","modified_gmt":"2023-12-28T13:02:45","slug":"om-oss","status":"publish","type":"page","link":"https:\/\/chamcenter.com\/ar\/om-oss\/","title":{"rendered":"\u0645\u0639\u0644\u0648\u0645\u0627\u062a \u0639\u0646\u0627"},"content":{"rendered":"<div data-elementor-type=\"wp-page\" data-elementor-id=\"135\" class=\"elementor elementor-135\" data-elementor-post-type=\"page\">\n\t\t\t\t<div data-particle_enable=\"false\" data-particle-mobile-disabled=\"false\" class=\"elementor-element elementor-element-51e2276 e-flex e-con-boxed e-con e-parent\" data-id=\"51e2276\" data-element_type=\"container\" data-e-type=\"container\" data-settings=\"{&quot;background_background&quot;:&quot;classic&quot;}\">\n\t\t\t\t\t<div class=\"e-con-inner\">\n\t\t\t\t<div class=\"elementor-element elementor-element-3d7d6ee elementor-widget elementor-widget-heading\" data-id=\"3d7d6ee\" data-element_type=\"widget\" data-e-type=\"widget\" data-widget_type=\"heading.default\">\n\t\t\t\t<div class=\"elementor-widget-container\">\n\t\t\t\t\t<h2 class=\"elementor-heading-title elementor-size-default\">\u0645\u0639\u0644\u0648\u0645\u0627\u062a \u0639\u0646\u0627<\/h2>\t\t\t\t<\/div>\n\t\t\t\t<\/div>\n\t\t\t\t\t<\/div>\n\t\t\t\t<\/div>\n\t\t<div data-particle_enable=\"false\" data-particle-mobile-disabled=\"false\" class=\"elementor-element elementor-element-7bd4708 e-flex e-con-boxed e-con e-parent\" data-id=\"7bd4708\" data-element_type=\"container\" data-e-type=\"container\">\n\t\t\t\t\t<div class=\"e-con-inner\">\n\t\t<div data-particle_enable=\"false\" data-particle-mobile-disabled=\"false\" class=\"elementor-element elementor-element-a348e5e e-con-full e-flex e-con e-child\" data-id=\"a348e5e\" data-element_type=\"container\" data-e-type=\"container\">\n\t\t\t\t<div class=\"elementor-element elementor-element-7c57f73 elementor-widget elementor-widget-heading\" data-id=\"7c57f73\" data-element_type=\"widget\" data-e-type=\"widget\" data-widget_type=\"heading.default\">\n\t\t\t\t<div class=\"elementor-widget-container\">\n\t\t\t\t\t<h2 class=\"elementor-heading-title elementor-size-default\">\u0645\u0639\u0644\u0648\u0645\u0627\u062a \u0639\u0646\u0627\n<\/h2>\t\t\t\t<\/div>\n\t\t\t\t<\/div>\n\t\t\t\t<div class=\"elementor-element elementor-element-6c436ba elementor-widget elementor-widget-heading\" data-id=\"6c436ba\" data-element_type=\"widget\" data-e-type=\"widget\" data-widget_type=\"heading.default\">\n\t\t\t\t<div class=\"elementor-widget-container\">\n\t\t\t\t\t<h2 class=\"elementor-heading-title elementor-size-default\">Cham Center<\/h2>\t\t\t\t<\/div>\n\t\t\t\t<\/div>\n\t\t\t\t<div class=\"elementor-element elementor-element-0d392a3 elementor-widget elementor-widget-text-editor\" data-id=\"0d392a3\" data-element_type=\"widget\" data-e-type=\"widget\" data-widget_type=\"text-editor.default\">\n\t\t\t\t<div class=\"elementor-widget-container\">\n\t\t\t\t\t\t\t\t\t<p>\u0645\u0631\u0643\u0632 \u0634\u0627\u0645 \u0647\u0648 \u0634\u0631\u0643\u0629 \u062a\u0642\u062f\u0645 \u062e\u062f\u0645\u0627\u062a \u0627\u0644\u0645\u0633\u0627\u0639\u062f\u0629 \u0641\u064a \u0627\u0644\u0648\u0627\u062c\u0628\u0627\u062a \u0627\u0644\u0645\u0646\u0632\u0644\u064a\u0629 \u060c \u0648\u0644\u062f\u064a\u0646\u0627 \u0645\u062c\u0645\u0648\u0639\u0629 \u0648\u0627\u0633\u0639\u0629 \u0645\u0646 \u0627\u0644\u062f\u0648\u0631\u0627\u062a \u0644\u0645\u0648\u0627\u0636\u064a\u0639 \u0648\u062f\u0631\u062c\u0627\u062a \u0645\u062e\u062a\u0644\u0641\u0629. \u0646\u062d\u0646 \u0646\u0639\u0645\u0644 \u0628\u0627\u0633\u062a\u0645\u0631\u0627\u0631 \u0645\u0639 \u0643\u0644 \u0645\u0646 \u0627\u0644\u0637\u0644\u0627\u0628 \u0648\u0623\u0648\u0644\u064a\u0627\u0621 \u0627\u0644\u0623\u0645\u0648\u0631 \u0644\u062a\u062d\u0633\u064a\u0646 \u062a\u0642\u0646\u064a\u0627\u062a \u0627\u0644\u062f\u0631\u0627\u0633\u0629 \u0648\u0627\u0644\u062a\u062d\u0641\u064a\u0632 \u0648\u0646\u062a\u0627\u0626\u062c \u0627\u0644\u062f\u0631\u0627\u0633\u0629 \u0644\u0637\u0644\u0627\u0628\u0646\u0627. \u0645\u0639 \u0627\u0644\u062e\u0628\u0631\u0629 \u0627\u0644\u062c\u064a\u062f\u0629 \u0641\u064a \u0647\u0630\u0627 \u0627\u0644\u0645\u062c\u0627\u0644 \u060c \u0633\u0627\u0639\u062f\u0646\u0627 \u0627\u0644\u0639\u062f\u064a\u062f \u0645\u0646 \u0627\u0644\u0637\u0644\u0627\u0628 \u0639\u0644\u0649 \u062a\u0637\u0648\u064a\u0631 \u0648\u062a\u062d\u0633\u064a\u0646 \u0646\u062a\u0627\u0626\u062c \u062f\u0631\u0627\u0633\u062a\u0647\u0645 \u0645\u0645\u0627 \u0633\u0627\u0639\u062f\u0647\u0645 \u0639\u0644\u0649 \u0625\u0643\u0645\u0627\u0644 \u062f\u0631\u0627\u0633\u0627\u062a\u0647\u0645.\n\n\u0645\u0639\u0646\u0627 \u064a\u0645\u0643\u0646\u0643 \u0627\u0644\u062d\u0635\u0648\u0644 \u0639\u0644\u0649 \u0627\u0644\u0645\u0633\u0627\u0639\u062f\u0629 \u0633\u0648\u0627\u0621 \u0630\u0647\u0628\u062a \u0641\u064a \u0627\u0644\u0645\u062f\u0631\u0633\u0629 \u0627\u0644\u062b\u0627\u0646\u0648\u064a\u0629 \u0627\u0644\u0627\u0628\u062a\u062f\u0627\u0626\u064a\u0629 \u0643\u0645\u0627 \u0646\u0642\u062f\u0645 \u062f\u0648\u0631\u0627\u062a \u0641\u064a \u0627\u0644\u0644\u063a\u0629 \u0648\u063a\u064a\u0631 \u0630\u0644\u0643 \u0627\u0644\u0643\u062b\u064a\u0631. \u064a\u062a\u0645 \u0627\u0644\u062a\u062f\u0631\u064a\u0633 \u0644\u062f\u064a\u0646\u0627 \u0625\u0645\u0627 \u0639\u0644\u0649 \u0627\u0644\u0641\u0648\u0631 \u0623\u0648 \u0639\u0628\u0631 \u0627\u0644\u0625\u0646\u062a\u0631\u0646\u062a.<\/p><p>Hos oss kan du f\u00e5 hj\u00e4lp vare sig du g\u00e5r i grundskolan eller h\u00f6gskolan, vi har erbjuder \u00e4ven spr\u00e5kkurser och annat. All v\u00e5r undervisning sker antingen p\u00e5 plats eller distans.<\/p>\t\t\t\t\t\t\t\t<\/div>\n\t\t\t\t<\/div>\n\t\t\t\t<\/div>\n\t\t<div data-particle_enable=\"false\" data-particle-mobile-disabled=\"false\" class=\"elementor-element elementor-element-be12928 e-con-full e-flex e-con e-child\" data-id=\"be12928\" data-element_type=\"container\" data-e-type=\"container\">\n\t\t\t\t<div class=\"elementor-element elementor-element-21eca77 elementor-widget elementor-widget-image\" data-id=\"21eca77\" data-element_type=\"widget\" data-e-type=\"widget\" data-widget_type=\"image.default\">\n\t\t\t\t<div class=\"elementor-widget-container\">\n\t\t\t\t\t\t\t\t\t\t\t\t\t\t\t<img fetchpriority=\"high\" decoding=\"async\" width=\"1024\" height=\"1024\" src=\"https:\/\/chamcenter.com\/wp-content\/uploads\/2023\/11\/cham-center-high-resolution-logo-transparent-1-1024x1024.png\" class=\"attachment-large size-large wp-image-211\" alt=\"\" srcset=\"https:\/\/chamcenter.com\/wp-content\/uploads\/2023\/11\/cham-center-high-resolution-logo-transparent-1-1024x1024.png 1024w, https:\/\/chamcenter.com\/wp-content\/uploads\/2023\/11\/cham-center-high-resolution-logo-transparent-1-300x300.png 300w, https:\/\/chamcenter.com\/wp-content\/uploads\/2023\/11\/cham-center-high-resolution-logo-transparent-1-150x150.png 150w, https:\/\/chamcenter.com\/wp-content\/uploads\/2023\/11\/cham-center-high-resolution-logo-transparent-1-768x768.png 768w, https:\/\/chamcenter.com\/wp-content\/uploads\/2023\/11\/cham-center-high-resolution-logo-transparent-1-1536x1536.png 1536w, https:\/\/chamcenter.com\/wp-content\/uploads\/2023\/11\/cham-center-high-resolution-logo-transparent-1-12x12.png 12w, https:\/\/chamcenter.com\/wp-content\/uploads\/2023\/11\/cham-center-high-resolution-logo-transparent-1.png 2000w\" sizes=\"(max-width: 1024px) 100vw, 1024px\" \/>\t\t\t\t\t\t\t\t\t\t\t\t\t\t\t<\/div>\n\t\t\t\t<\/div>\n\t\t\t\t<div class=\"elementor-element elementor-element-97f012c elementor-widget elementor-widget-heading\" data-id=\"97f012c\" data-element_type=\"widget\" data-e-type=\"widget\" data-widget_type=\"heading.default\">\n\t\t\t\t<div class=\"elementor-widget-container\">\n\t\t\t\t\t<h2 class=\"elementor-heading-title elementor-size-default\">Cham Center Kulturcenter\n<\/h2>\t\t\t\t<\/div>\n\t\t\t\t<\/div>\n\t\t\t\t<div class=\"elementor-element elementor-element-b87bdf0 elementor-widget elementor-widget-heading\" data-id=\"b87bdf0\" data-element_type=\"widget\" data-e-type=\"widget\" data-widget_type=\"heading.default\">\n\t\t\t\t<div class=\"elementor-widget-container\">\n\t\t\t\t\t<h2 class=\"elementor-heading-title elementor-size-default\">Vi hj\u00e4lper dig med studierna!\n<\/h2>\t\t\t\t<\/div>\n\t\t\t\t<\/div>\n\t\t\t\t<\/div>\n\t\t\t\t\t<\/div>\n\t\t\t\t<\/div>\n\t\t<div data-particle_enable=\"false\" data-particle-mobile-disabled=\"false\" class=\"elementor-element elementor-element-789058c e-con-full e-flex e-con e-parent\" data-id=\"789058c\" data-element_type=\"container\" data-e-type=\"container\">\n\t\t\t\t<div class=\"elementor-element elementor-element-ca7bded elementor-widget elementor-widget-template\" data-id=\"ca7bded\" data-element_type=\"widget\" data-e-type=\"widget\" data-widget_type=\"template.default\">\n\t\t\t\t<div class=\"elementor-widget-container\">\n\t\t\t\t\t\t\t<div class=\"elementor-template\">\n\t\t\t\t\t<div data-elementor-type=\"section\" data-elementor-id=\"224\" class=\"elementor elementor-224\" data-elementor-post-type=\"elementor_library\">\n\t\t\t\t\t<div class=\"elementor-section-wrap\">\n\t\t\t\t\t\t<div data-particle_enable=\"false\" data-particle-mobile-disabled=\"false\" class=\"elementor-element elementor-element-c43e8e4 e-flex e-con-boxed e-con e-parent\" data-id=\"c43e8e4\" data-element_type=\"container\" data-e-type=\"container\" data-settings=\"{&quot;background_background&quot;:&quot;classic&quot;}\">\n\t\t\t\t\t<div class=\"e-con-inner\">\n\t\t\t\t<div class=\"elementor-element elementor-element-0efa33d elementor-widget elementor-widget-heading\" data-id=\"0efa33d\" data-element_type=\"widget\" data-e-type=\"widget\" data-widget_type=\"heading.default\">\n\t\t\t\t<div class=\"elementor-widget-container\">\n\t\t\t\t\t<h2 class=\"elementor-heading-title elementor-size-default\">\u0647\u0644 \u0623\u0646\u062a \u0645\u0633\u062a\u0639\u062f \u0644\u0644\u0627\u0646\u0636\u0645\u0627\u0645 \u0625\u0644\u064a\u0646\u0627 \u061f\n<\/h2>\t\t\t\t<\/div>\n\t\t\t\t<\/div>\n\t\t\t\t<div class=\"elementor-element elementor-element-d6b88a3 elementor-widget elementor-widget-text-editor\" data-id=\"d6b88a3\" data-element_type=\"widget\" data-e-type=\"widget\" data-widget_type=\"text-editor.default\">\n\t\t\t\t<div class=\"elementor-widget-container\">\n\t\t\t\t\t\t\t\t\t\u0625\u0630\u0627 \u0643\u0646\u062a \u0645\u0633\u062a\u0639\u062f\u064b\u0627 \u0644\u0628\u062f\u0621 \u0627\u0644\u062a\u062f\u0631\u064a\u0633 \u0645\u0639\u0646\u0627 \u060c \u064a\u0645\u0643\u0646\u0643 \u062a\u062c\u0631\u0628\u0629 \u062f\u0631\u0633 \u0648\u0627\u062d\u062f \u0645\u062c\u0627\u0646\u064b\u0627 \u0645\u0644\u0621 \u0646\u0645\u0648\u0630\u062c \u0627\u0644\u0641\u0627\u0626\u062f\u0629 \u0648\u0633\u0646\u0639\u0627\u0648\u062f \u0627\u0644\u0627\u062a\u0635\u0627\u0644 \u0628\u0643.\n\t\t\t\t\t\t\t\t<\/div>\n\t\t\t\t<\/div>\n\t\t<div data-particle_enable=\"false\" data-particle-mobile-disabled=\"false\" class=\"elementor-element elementor-element-7403b75 e-flex e-con-boxed e-con e-child\" data-id=\"7403b75\" data-element_type=\"container\" data-e-type=\"container\">\n\t\t\t\t\t<div class=\"e-con-inner\">\n\t\t\t\t<div class=\"elementor-element elementor-element-8670c2e elementor-widget elementor-widget-button\" data-id=\"8670c2e\" data-element_type=\"widget\" data-e-type=\"widget\" data-widget_type=\"button.default\">\n\t\t\t\t<div class=\"elementor-widget-container\">\n\t\t\t\t\t\t\t\t\t<div class=\"elementor-button-wrapper\">\n\t\t\t\t\t<a class=\"elementor-button elementor-button-link elementor-size-sm\" href=\"https:\/\/chamcenter.com\/ar\/kontakta-oss\/\">\n\t\t\t\t\t\t<span class=\"elementor-button-content-wrapper\">\n\t\t\t\t\t\t\t\t\t<span class=\"elementor-button-text\">\u0627\u0644\u062a\u0639\u0628\u064a\u0631 \u0639\u0646 \u0627\u0644\u0627\u0647\u062a\u0645\u0627\u0645 <\/span>\n\t\t\t\t\t<\/span>\n\t\t\t\t\t<\/a>\n\t\t\t\t<\/div>\n\t\t\t\t\t\t\t\t<\/div>\n\t\t\t\t<\/div>\n\t\t\t\t<div class=\"elementor-element elementor-element-ec28259 elementor-widget elementor-widget-button\" data-id=\"ec28259\" data-element_type=\"widget\" data-e-type=\"widget\" data-widget_type=\"button.default\">\n\t\t\t\t<div class=\"elementor-widget-container\">\n\t\t\t\t\t\t\t\t\t<div class=\"elementor-button-wrapper\">\n\t\t\t\t\t<a class=\"elementor-button elementor-button-link elementor-size-sm\" href=\"https:\/\/chamcenter.com\/ar\/laxhjalp\/\">\n\t\t\t\t\t\t<span class=\"elementor-button-content-wrapper\">\n\t\t\t\t\t\t\t\t\t<span class=\"elementor-button-text\">\u0645\u062c\u0645\u0648\u0639\u0629 \u0627\u0644\u062f\u0648\u0631\u0627\u062a<\/span>\n\t\t\t\t\t<\/span>\n\t\t\t\t\t<\/a>\n\t\t\t\t<\/div>\n\t\t\t\t\t\t\t\t<\/div>\n\t\t\t\t<\/div>\n\t\t\t\t\t<\/div>\n\t\t\t\t<\/div>\n\t\t\t\t\t<\/div>\n\t\t\t\t<\/div>\n\t\t\t\t\t\t\t<\/div>\n\t\t\t\t<\/div>\n\t\t\t\t<\/div>\n\t\t\t\t\t\t<\/div>\n\t\t\t\t<\/div>\n\t\t\t\t<\/div>\n\t\t\t\t<\/div>","protected":false},"excerpt":{"rendered":"<p>Om oss Cham Center Cham Center \u00e4r ett f\u00f6retag som erbjuder l\u00e4xhj\u00e4lps tj\u00e4nster, vi har ett stort utbud av utbildningskurser och jobbar st\u00e4ndigt med b\u00e5de elever och v\u00e5rdnadshavare f\u00f6r att f\u00f6rb\u00e4ttra studieteknik, motiviation och studieresultat hos v\u00e5ra elever. Med en god erfarenhet inom branchen s\u00e5 har vi hj\u00e4lpt m\u00e5nga elever att utveckla sig och f\u00f6r\u00e4ttra [&hellip;]<\/p>\n","protected":false},"author":1,"featured_media":0,"parent":0,"menu_order":0,"comment_status":"closed","ping_status":"closed","template":"elementor_header_footer","meta":{"footnotes":""},"class_list":["post-135","page","type-page","status-publish","hentry"],"blocksy_meta":[],"_links":{"self":[{"href":"https:\/\/chamcenter.com\/ar\/wp-json\/wp\/v2\/pages\/135","targetHints":{"allow":["GET"]}}],"collection":[{"href":"https:\/\/chamcenter.com\/ar\/wp-json\/wp\/v2\/pages"}],"about":[{"href":"https:\/\/chamcenter.com\/ar\/wp-json\/wp\/v2\/types\/page"}],"author":[{"embeddable":true,"href":"https:\/\/chamcenter.com\/ar\/wp-json\/wp\/v2\/users\/1"}],"replies":[{"embeddable":true,"href":"https:\/\/chamcenter.com\/ar\/wp-json\/wp\/v2\/comments?post=135"}],"version-history":[{"count":28,"href":"https:\/\/chamcenter.com\/ar\/wp-json\/wp\/v2\/pages\/135\/revisions"}],"predecessor-version":[{"id":529,"href":"https:\/\/chamcenter.com\/ar\/wp-json\/wp\/v2\/pages\/135\/revisions\/529"}],"wp:attachment":[{"href":"https:\/\/chamcenter.com\/ar\/wp-json\/wp\/v2\/media?parent=135"}],"curies":[{"name":"wp","href":"https:\/\/api.w.org\/{rel}","templated":true}]}}