{"id":135,"date":"2023-11-20T20:55:27","date_gmt":"2023-11-20T20:55:27","guid":{"rendered":"https:\/\/chamcenter.developitech.com\/?page_id=135"},"modified":"2023-12-28T13:02:45","modified_gmt":"2023-12-28T13:02:45","slug":"om-oss","status":"publish","type":"page","link":"https:\/\/chamcenter.com\/de\/om-oss\/","title":{"rendered":"\u00dcber Uns"},"content":{"rendered":"<div data-elementor-type=\"wp-page\" data-elementor-id=\"135\" class=\"elementor elementor-135\" data-elementor-post-type=\"page\">\n\t\t\t\t<div data-particle_enable=\"false\" data-particle-mobile-disabled=\"false\" class=\"elementor-element elementor-element-51e2276 e-flex e-con-boxed e-con e-parent\" data-id=\"51e2276\" data-element_type=\"container\" data-e-type=\"container\" data-settings=\"{&quot;background_background&quot;:&quot;classic&quot;}\">\n\t\t\t\t\t<div class=\"e-con-inner\">\n\t\t\t\t<div class=\"elementor-element elementor-element-3d7d6ee elementor-widget elementor-widget-heading\" data-id=\"3d7d6ee\" data-element_type=\"widget\" data-e-type=\"widget\" data-widget_type=\"heading.default\">\n\t\t\t\t<div class=\"elementor-widget-container\">\n\t\t\t\t\t<h2 class=\"elementor-heading-title elementor-size-default\">\u00dcber Uns<\/h2>\t\t\t\t<\/div>\n\t\t\t\t<\/div>\n\t\t\t\t\t<\/div>\n\t\t\t\t<\/div>\n\t\t<div data-particle_enable=\"false\" data-particle-mobile-disabled=\"false\" class=\"elementor-element elementor-element-7bd4708 e-flex e-con-boxed e-con e-parent\" data-id=\"7bd4708\" data-element_type=\"container\" data-e-type=\"container\">\n\t\t\t\t\t<div class=\"e-con-inner\">\n\t\t<div data-particle_enable=\"false\" data-particle-mobile-disabled=\"false\" class=\"elementor-element elementor-element-a348e5e e-con-full e-flex e-con e-child\" data-id=\"a348e5e\" data-element_type=\"container\" data-e-type=\"container\">\n\t\t\t\t<div class=\"elementor-element elementor-element-7c57f73 elementor-widget elementor-widget-heading\" data-id=\"7c57f73\" data-element_type=\"widget\" data-e-type=\"widget\" data-widget_type=\"heading.default\">\n\t\t\t\t<div class=\"elementor-widget-container\">\n\t\t\t\t\t<h2 class=\"elementor-heading-title elementor-size-default\">\u00dcber uns\n<\/h2>\t\t\t\t<\/div>\n\t\t\t\t<\/div>\n\t\t\t\t<div class=\"elementor-element elementor-element-6c436ba elementor-widget elementor-widget-heading\" data-id=\"6c436ba\" data-element_type=\"widget\" data-e-type=\"widget\" data-widget_type=\"heading.default\">\n\t\t\t\t<div class=\"elementor-widget-container\">\n\t\t\t\t\t<h2 class=\"elementor-heading-title elementor-size-default\">Cham Center<\/h2>\t\t\t\t<\/div>\n\t\t\t\t<\/div>\n\t\t\t\t<div class=\"elementor-element elementor-element-0d392a3 elementor-widget elementor-widget-text-editor\" data-id=\"0d392a3\" data-element_type=\"widget\" data-e-type=\"widget\" data-widget_type=\"text-editor.default\">\n\t\t\t\t<div class=\"elementor-widget-container\">\n\t\t\t\t\t\t\t\t\t<p>Cham Center ist ein Unternehmen, das Hausaufgabenhilfe anbietet. Wir bieten ein breites Kursangebot f\u00fcr verschiedene F\u00e4cher und Klassenstufen an. Wir arbeiten st\u00e4ndig mit Sch\u00fclern und Eltern zusammen, um die Lerntechniken, die Motivation und die Lernergebnisse unserer Sch\u00fcler zu verbessern.\n Durch unsere guten Erfahrungen auf diesem Gebiet haben wir vielen Studenten geholfen, ihre Studienergebnisse zu entwickeln und zu verbessern, was ihnen dabei geholfen hat, ihr Studium abzuschlie\u00dfen.<\/p><p>Hos oss kan du f\u00e5 hj\u00e4lp vare sig du g\u00e5r i grundskolan eller h\u00f6gskolan, vi har erbjuder \u00e4ven spr\u00e5kkurser och annat. All v\u00e5r undervisning sker antingen p\u00e5 plats eller distans.<\/p>\t\t\t\t\t\t\t\t<\/div>\n\t\t\t\t<\/div>\n\t\t\t\t<\/div>\n\t\t<div data-particle_enable=\"false\" data-particle-mobile-disabled=\"false\" class=\"elementor-element elementor-element-be12928 e-con-full e-flex e-con e-child\" data-id=\"be12928\" data-element_type=\"container\" data-e-type=\"container\">\n\t\t\t\t<div class=\"elementor-element elementor-element-21eca77 elementor-widget elementor-widget-image\" data-id=\"21eca77\" data-element_type=\"widget\" data-e-type=\"widget\" data-widget_type=\"image.default\">\n\t\t\t\t<div class=\"elementor-widget-container\">\n\t\t\t\t\t\t\t\t\t\t\t\t\t\t\t<img fetchpriority=\"high\" decoding=\"async\" width=\"1024\" height=\"1024\" src=\"https:\/\/chamcenter.com\/wp-content\/uploads\/2023\/11\/cham-center-high-resolution-logo-transparent-1-1024x1024.png\" class=\"attachment-large size-large wp-image-211\" alt=\"\" srcset=\"https:\/\/chamcenter.com\/wp-content\/uploads\/2023\/11\/cham-center-high-resolution-logo-transparent-1-1024x1024.png 1024w, https:\/\/chamcenter.com\/wp-content\/uploads\/2023\/11\/cham-center-high-resolution-logo-transparent-1-300x300.png 300w, https:\/\/chamcenter.com\/wp-content\/uploads\/2023\/11\/cham-center-high-resolution-logo-transparent-1-150x150.png 150w, https:\/\/chamcenter.com\/wp-content\/uploads\/2023\/11\/cham-center-high-resolution-logo-transparent-1-768x768.png 768w, https:\/\/chamcenter.com\/wp-content\/uploads\/2023\/11\/cham-center-high-resolution-logo-transparent-1-1536x1536.png 1536w, https:\/\/chamcenter.com\/wp-content\/uploads\/2023\/11\/cham-center-high-resolution-logo-transparent-1-12x12.png 12w, https:\/\/chamcenter.com\/wp-content\/uploads\/2023\/11\/cham-center-high-resolution-logo-transparent-1.png 2000w\" sizes=\"(max-width: 1024px) 100vw, 1024px\" \/>\t\t\t\t\t\t\t\t\t\t\t\t\t\t\t<\/div>\n\t\t\t\t<\/div>\n\t\t\t\t<div class=\"elementor-element elementor-element-97f012c elementor-widget elementor-widget-heading\" data-id=\"97f012c\" data-element_type=\"widget\" data-e-type=\"widget\" data-widget_type=\"heading.default\">\n\t\t\t\t<div class=\"elementor-widget-container\">\n\t\t\t\t\t<h2 class=\"elementor-heading-title elementor-size-default\">Cham Center Kulturcenter\n<\/h2>\t\t\t\t<\/div>\n\t\t\t\t<\/div>\n\t\t\t\t<div class=\"elementor-element elementor-element-b87bdf0 elementor-widget elementor-widget-heading\" data-id=\"b87bdf0\" data-element_type=\"widget\" data-e-type=\"widget\" data-widget_type=\"heading.default\">\n\t\t\t\t<div class=\"elementor-widget-container\">\n\t\t\t\t\t<h2 class=\"elementor-heading-title elementor-size-default\">Vi hj\u00e4lper dig med studierna!\n<\/h2>\t\t\t\t<\/div>\n\t\t\t\t<\/div>\n\t\t\t\t<\/div>\n\t\t\t\t\t<\/div>\n\t\t\t\t<\/div>\n\t\t<div data-particle_enable=\"false\" data-particle-mobile-disabled=\"false\" class=\"elementor-element elementor-element-789058c e-con-full e-flex e-con e-parent\" data-id=\"789058c\" data-element_type=\"container\" data-e-type=\"container\">\n\t\t\t\t<div class=\"elementor-element elementor-element-ca7bded elementor-widget elementor-widget-template\" data-id=\"ca7bded\" data-element_type=\"widget\" data-e-type=\"widget\" data-widget_type=\"template.default\">\n\t\t\t\t<div class=\"elementor-widget-container\">\n\t\t\t\t\t\t\t<div class=\"elementor-template\">\n\t\t\t\t\t<div data-elementor-type=\"section\" data-elementor-id=\"224\" class=\"elementor elementor-224\" data-elementor-post-type=\"elementor_library\">\n\t\t\t\t\t<div class=\"elementor-section-wrap\">\n\t\t\t\t\t\t<div data-particle_enable=\"false\" data-particle-mobile-disabled=\"false\" class=\"elementor-element elementor-element-c43e8e4 e-flex e-con-boxed e-con e-parent\" data-id=\"c43e8e4\" data-element_type=\"container\" data-e-type=\"container\" data-settings=\"{&quot;background_background&quot;:&quot;classic&quot;}\">\n\t\t\t\t\t<div class=\"e-con-inner\">\n\t\t\t\t<div class=\"elementor-element elementor-element-0efa33d elementor-widget elementor-widget-heading\" data-id=\"0efa33d\" data-element_type=\"widget\" data-e-type=\"widget\" data-widget_type=\"heading.default\">\n\t\t\t\t<div class=\"elementor-widget-container\">\n\t\t\t\t\t<h2 class=\"elementor-heading-title elementor-size-default\">Sind Sie bereit, bei uns zu studieren?\n<\/h2>\t\t\t\t<\/div>\n\t\t\t\t<\/div>\n\t\t\t\t<div class=\"elementor-element elementor-element-d6b88a3 elementor-widget elementor-widget-text-editor\" data-id=\"d6b88a3\" data-element_type=\"widget\" data-e-type=\"widget\" data-widget_type=\"text-editor.default\">\n\t\t\t\t<div class=\"elementor-widget-container\">\n\t\t\t\t\t\t\t\t\tWenn Sie bereit sind, Ihre Nachhilfe bei uns zu beginnen, k\u00f6nnen Sie eine Lektion kostenlos ausprobieren, indem Sie das Interessenformular ausf\u00fcllen. Wir werden uns dann bei Ihnen melden.\n\t\t\t\t\t\t\t\t<\/div>\n\t\t\t\t<\/div>\n\t\t<div data-particle_enable=\"false\" data-particle-mobile-disabled=\"false\" class=\"elementor-element elementor-element-7403b75 e-flex e-con-boxed e-con e-child\" data-id=\"7403b75\" data-element_type=\"container\" data-e-type=\"container\">\n\t\t\t\t\t<div class=\"e-con-inner\">\n\t\t\t\t<div class=\"elementor-element elementor-element-8670c2e elementor-widget elementor-widget-button\" data-id=\"8670c2e\" data-element_type=\"widget\" data-e-type=\"widget\" data-widget_type=\"button.default\">\n\t\t\t\t<div class=\"elementor-widget-container\">\n\t\t\t\t\t\t\t\t\t<div class=\"elementor-button-wrapper\">\n\t\t\t\t\t<a class=\"elementor-button elementor-button-link elementor-size-sm\" href=\"https:\/\/chamcenter.com\/de\/kontakta-oss\/\">\n\t\t\t\t\t\t<span class=\"elementor-button-content-wrapper\">\n\t\t\t\t\t\t\t\t\t<span class=\"elementor-button-text\">Interessenbekundung <\/span>\n\t\t\t\t\t<\/span>\n\t\t\t\t\t<\/a>\n\t\t\t\t<\/div>\n\t\t\t\t\t\t\t\t<\/div>\n\t\t\t\t<\/div>\n\t\t\t\t<div class=\"elementor-element elementor-element-ec28259 elementor-widget elementor-widget-button\" data-id=\"ec28259\" data-element_type=\"widget\" data-e-type=\"widget\" data-widget_type=\"button.default\">\n\t\t\t\t<div class=\"elementor-widget-container\">\n\t\t\t\t\t\t\t\t\t<div class=\"elementor-button-wrapper\">\n\t\t\t\t\t<a class=\"elementor-button elementor-button-link elementor-size-sm\" href=\"https:\/\/chamcenter.com\/de\/laxhjalp\/\">\n\t\t\t\t\t\t<span class=\"elementor-button-content-wrapper\">\n\t\t\t\t\t\t\t\t\t<span class=\"elementor-button-text\">Kursauswahl<\/span>\n\t\t\t\t\t<\/span>\n\t\t\t\t\t<\/a>\n\t\t\t\t<\/div>\n\t\t\t\t\t\t\t\t<\/div>\n\t\t\t\t<\/div>\n\t\t\t\t\t<\/div>\n\t\t\t\t<\/div>\n\t\t\t\t\t<\/div>\n\t\t\t\t<\/div>\n\t\t\t\t\t\t\t<\/div>\n\t\t\t\t<\/div>\n\t\t\t\t<\/div>\n\t\t\t\t\t\t<\/div>\n\t\t\t\t<\/div>\n\t\t\t\t<\/div>\n\t\t\t\t<\/div>","protected":false},"excerpt":{"rendered":"<p>Om oss Cham Center Cham Center \u00e4r ett f\u00f6retag som erbjuder l\u00e4xhj\u00e4lps tj\u00e4nster, vi har ett stort utbud av utbildningskurser och jobbar st\u00e4ndigt med b\u00e5de elever och v\u00e5rdnadshavare f\u00f6r att f\u00f6rb\u00e4ttra studieteknik, motiviation och studieresultat hos v\u00e5ra elever. Med en god erfarenhet inom branchen s\u00e5 har vi hj\u00e4lpt m\u00e5nga elever att utveckla sig och f\u00f6r\u00e4ttra [&hellip;]<\/p>\n","protected":false},"author":1,"featured_media":0,"parent":0,"menu_order":0,"comment_status":"closed","ping_status":"closed","template":"elementor_header_footer","meta":{"footnotes":""},"class_list":["post-135","page","type-page","status-publish","hentry"],"blocksy_meta":[],"_links":{"self":[{"href":"https:\/\/chamcenter.com\/de\/wp-json\/wp\/v2\/pages\/135","targetHints":{"allow":["GET"]}}],"collection":[{"href":"https:\/\/chamcenter.com\/de\/wp-json\/wp\/v2\/pages"}],"about":[{"href":"https:\/\/chamcenter.com\/de\/wp-json\/wp\/v2\/types\/page"}],"author":[{"embeddable":true,"href":"https:\/\/chamcenter.com\/de\/wp-json\/wp\/v2\/users\/1"}],"replies":[{"embeddable":true,"href":"https:\/\/chamcenter.com\/de\/wp-json\/wp\/v2\/comments?post=135"}],"version-history":[{"count":28,"href":"https:\/\/chamcenter.com\/de\/wp-json\/wp\/v2\/pages\/135\/revisions"}],"predecessor-version":[{"id":529,"href":"https:\/\/chamcenter.com\/de\/wp-json\/wp\/v2\/pages\/135\/revisions\/529"}],"wp:attachment":[{"href":"https:\/\/chamcenter.com\/de\/wp-json\/wp\/v2\/media?parent=135"}],"curies":[{"name":"wp","href":"https:\/\/api.w.org\/{rel}","templated":true}]}}