{"id":350,"date":"2023-11-21T16:57:23","date_gmt":"2023-11-21T16:57:23","guid":{"rendered":"https:\/\/chamcenter.developitech.com\/?page_id=350"},"modified":"2023-12-31T12:15:20","modified_gmt":"2023-12-31T12:15:20","slug":"timpris","status":"publish","type":"page","link":"https:\/\/chamcenter.com\/de\/priser\/timpris\/","title":{"rendered":"Stundenpreis"},"content":{"rendered":"<div data-elementor-type=\"wp-page\" data-elementor-id=\"350\" class=\"elementor elementor-350\" data-elementor-post-type=\"page\">\n\t\t\t\t<div data-particle_enable=\"false\" data-particle-mobile-disabled=\"false\" class=\"elementor-element elementor-element-2c1ad97 e-flex e-con-boxed e-con e-parent\" data-id=\"2c1ad97\" data-element_type=\"container\" data-e-type=\"container\" data-settings=\"{&quot;background_background&quot;:&quot;classic&quot;}\">\n\t\t\t\t\t<div class=\"e-con-inner\">\n\t\t\t\t<div class=\"elementor-element elementor-element-f2521d0 elementor-widget elementor-widget-heading\" data-id=\"f2521d0\" data-element_type=\"widget\" data-e-type=\"widget\" data-widget_type=\"heading.default\">\n\t\t\t\t<div class=\"elementor-widget-container\">\n\t\t\t\t\t<h2 class=\"elementor-heading-title elementor-size-default\">Stundenpreis<\/h2>\t\t\t\t<\/div>\n\t\t\t\t<\/div>\n\t\t\t\t\t<\/div>\n\t\t\t\t<\/div>\n\t\t<div data-particle_enable=\"false\" data-particle-mobile-disabled=\"false\" class=\"elementor-element elementor-element-b24e0dc e-flex e-con-boxed e-con e-child\" data-id=\"b24e0dc\" data-element_type=\"container\" data-e-type=\"container\">\n\t\t\t\t\t<div class=\"e-con-inner\">\n\t\t\t\t<div class=\"elementor-element elementor-element-2e9c5c5 elementor-widget elementor-widget-heading\" data-id=\"2e9c5c5\" data-element_type=\"widget\" data-e-type=\"widget\" data-widget_type=\"heading.default\">\n\t\t\t\t<div class=\"elementor-widget-container\">\n\t\t\t\t\t<h2 class=\"elementor-heading-title elementor-size-default\">Unterrichten\n<\/h2>\t\t\t\t<\/div>\n\t\t\t\t<\/div>\n\t\t\t\t<div class=\"elementor-element elementor-element-b56e4c4 elementor-widget elementor-widget-heading\" data-id=\"b56e4c4\" data-element_type=\"widget\" data-e-type=\"widget\" data-widget_type=\"heading.default\">\n\t\t\t\t<div class=\"elementor-widget-container\">\n\t\t\t\t\t<h2 class=\"elementor-heading-title elementor-size-default\">Stundenweise Nachhilfe Holen Sie\n<\/h2>\t\t\t\t<\/div>\n\t\t\t\t<\/div>\n\t\t\t\t<div class=\"elementor-element elementor-element-60d9e3f elementor-widget elementor-widget-text-editor\" data-id=\"60d9e3f\" data-element_type=\"widget\" data-e-type=\"widget\" data-widget_type=\"text-editor.default\">\n\t\t\t\t<div class=\"elementor-widget-container\">\n\t\t\t\t\t\t\t\t\t<p>sich Hilfe beim Lernen bei einem Privatlehrer, damit Sie Ihre Studienziele erreichen k\u00f6nnen. Mit Hilfe unserer Studiencoaches erhalten Sie die Hilfe bei der Fachwahl entsprechend Ihren Bed\u00fcrfnissen. Wir haben Lehrer, die F\u00e4cher wie\u00a0<span style=\"text-align: var(--text-align); background-color: var(--palettecolor7); font-family: var(--fontFamily); font-style: var(--fontStyle, inherit); font-weight: var(--fontWeight); letter-spacing: var(--letterSpacing); text-transform: var(--textTransform);\">Sie k\u00f6nnen zwischen Mathematik, Chemie, Physik, Biologie, Englisch, Schwedisch, Deutsch und Arabisch w\u00e4hlen<\/span><\/p><p>unterrichten k\u00f6nnen Wir verf\u00fcgen \u00fcber gute Erfahrungen im Lehrbereich und haben vielen Sch\u00fclern geholfen, ihre Ergebnisse und Lerntechniken zu verbessern. \nGanz gleich,\n ob Sie in der Grundschule oder im Gymnasium sind, wir bieten Ihnen Dienstleistungen,<\/p><ul><li>die Ihnen weiterhelfen Eigener Lehrer<\/li><li>Nachhilfe in Schweden und auf Distanz<\/li><li>Probieren Sie eine Lektion<\/li><li>Keine Fixierung<\/li><li>Steigern Sie die Lernmotivation und -techniken<\/li><\/ul>\t\t\t\t\t\t\t\t<\/div>\n\t\t\t\t<\/div>\n\t\t\t\t<div class=\"elementor-element elementor-element-5ef1529 elementor-widget elementor-widget-text-editor\" data-id=\"5ef1529\" data-element_type=\"widget\" data-e-type=\"widget\" data-widget_type=\"text-editor.default\">\n\t\t\t\t<div class=\"elementor-widget-container\">\n\t\t\t\t\t\t\t\t\t<h5>Information<\/h5><ul class=\"book-info\"><li>Pris: 25 \u20ac \u2013 Arabisch 10 \u20ac<\/li><li>L\u00e4nge: 60 Min<\/li><li>Unterricht: Nach Vereinbarung<\/li><li>\u00d6ffnungszeiten: Nach Vereinbarung<\/li><li>Sie k\u00f6nnen zwischen Mathematik, Chemie, Physik, Biologie, Englisch, Schwedisch, Deutsch und Arabisch w\u00e4hlen<\/li><\/ul>\t\t\t\t\t\t\t\t<\/div>\n\t\t\t\t<\/div>\n\t\t\t\t\t<\/div>\n\t\t\t\t<\/div>\n\t\t\t\t<\/div>","protected":false},"excerpt":{"rendered":"<p>L\u00e4xhj\u00e4lp Timbaserad l\u00e4xhj\u00e4lp F\u00e5 hj\u00e4lp med dina studier med en privatl\u00e4rare och n\u00e5 dina studiem\u00e5l, med hj\u00e4lp av v\u00e5ra studiecoacher s\u00e5 f\u00e5r du hj\u00e4lp i det \u00e4mnet du beh\u00f6ver i enligthet med dina behov. Vi har l\u00e4rare som kan undervisa i \u00e4mnen som\u00a0Matematik, fysik, kemi, biologi, tyska, arabiska, svenska och engelska Vi har god erfarenhet [&hellip;]<\/p>\n","protected":false},"author":1,"featured_media":0,"parent":131,"menu_order":0,"comment_status":"closed","ping_status":"closed","template":"elementor_header_footer","meta":{"footnotes":""},"class_list":["post-350","page","type-page","status-publish","hentry"],"blocksy_meta":[],"_links":{"self":[{"href":"https:\/\/chamcenter.com\/de\/wp-json\/wp\/v2\/pages\/350","targetHints":{"allow":["GET"]}}],"collection":[{"href":"https:\/\/chamcenter.com\/de\/wp-json\/wp\/v2\/pages"}],"about":[{"href":"https:\/\/chamcenter.com\/de\/wp-json\/wp\/v2\/types\/page"}],"author":[{"embeddable":true,"href":"https:\/\/chamcenter.com\/de\/wp-json\/wp\/v2\/users\/1"}],"replies":[{"embeddable":true,"href":"https:\/\/chamcenter.com\/de\/wp-json\/wp\/v2\/comments?post=350"}],"version-history":[{"count":19,"href":"https:\/\/chamcenter.com\/de\/wp-json\/wp\/v2\/pages\/350\/revisions"}],"predecessor-version":[{"id":598,"href":"https:\/\/chamcenter.com\/de\/wp-json\/wp\/v2\/pages\/350\/revisions\/598"}],"up":[{"embeddable":true,"href":"https:\/\/chamcenter.com\/de\/wp-json\/wp\/v2\/pages\/131"}],"wp:attachment":[{"href":"https:\/\/chamcenter.com\/de\/wp-json\/wp\/v2\/media?parent=350"}],"curies":[{"name":"wp","href":"https:\/\/api.w.org\/{rel}","templated":true}]}}